{"id":5060,"date":"2021-11-09T11:49:26","date_gmt":"2021-11-09T11:49:26","guid":{"rendered":"https:\/\/www.lagrangecochard.com\/?page_id=5060"},"modified":"2024-10-22T09:51:49","modified_gmt":"2024-10-22T09:51:49","slug":"events-beaujolais","status":"publish","type":"page","link":"https:\/\/lagrangecochard.com\/en\/events-beaujolais\/","title":{"rendered":"EVENTS"},"content":{"rendered":"<div class=\"fusion-fullwidth fullwidth-box fusion-builder-row-1 fusion-flex-container nonhundred-percent-fullwidth non-hundred-percent-height-scrolling\" style=\"background-color: #ffffff;background-position: center center;background-repeat: no-repeat;border-width: 0px 0px 0px 0px;border-color:#eae9e9;border-style:solid;\" ><div class=\"fusion-builder-row fusion-row fusion-flex-align-items-flex-start\" style=\"max-width:1193.4px;margin-left: calc(-2% \/ 2 );margin-right: calc(-2% \/ 2 );\"><div class=\"fusion-layout-column fusion_builder_column fusion-builder-column-0 fusion_builder_column_1_1 1_1 fusion-flex-column\"><div class=\"fusion-column-wrapper fusion-flex-justify-content-flex-start fusion-content-layout-column\" style=\"background-position:left top;background-repeat:no-repeat;-webkit-background-size:cover;-moz-background-size:cover;-o-background-size:cover;background-size:cover;padding: 0px 0px 0px 0px;\"><div class=\"fusion-separator fusion-full-width-sep\" style=\"align-self: center;margin-left: auto;margin-right: auto;margin-top:40px;margin-bottom:40px;width:100%;\"><\/div><style type=\"text\/css\">@media only screen and (max-width:1024px) {.fusion-title.fusion-title-1{margin-top:0px!important; margin-right:0px!important;margin-bottom:31px!important;margin-left:0px!important;}}@media only screen and (max-width:640px) {.fusion-title.fusion-title-1{margin-top:0px!important; margin-right:0px!important;margin-bottom:20px!important; margin-left:0px!important;}}<\/style><div class=\"fusion-title title fusion-title-1 fusion-sep-none fusion-title-center fusion-title-text fusion-title-size-one\" style=\"margin-top:0px;margin-right:0px;margin-bottom:31px;margin-left:0px;\"><h1 class=\"title-heading-center fusion-responsive-typography-calculated\" style=\"margin:0;--fontSize:32;line-height:1.2;\"><h2 style=\"text-align: center;\"><strong>EVENTS<\/strong><\/h2><\/h1><\/div><div class=\"fusion-text fusion-text-1 fusion-animated\" style=\"text-align:center;margin-right:0px;margin-left:0px;\" data-animationType=\"fadeInUp\" data-animationDuration=\"0.4\" data-animationOffset=\"top-into-view\"><h3 style=\"text-align: center;\">Welcome to Ch\u00e2teau Grange Cochard, a 9.5 hectare wine estate in the Morgon appellation.<\/h3>\n<h3 style=\"text-align: center;\">Here, you&#8217;ll discover a reception venue with a warm and friendly atmosphere, where we cherish the values of family, sharing and terroir. Nestling in the heart of the Beaujolais region, a UNESCO World Heritage Site, our ch\u00e2teau offers breathtaking natural scenery, between mountains, forests and vineyards.<\/h3>\n<h3 style=\"text-align: center;\">Whether you&#8217;re looking for the perfect venue for your wedding in the Rh\u00f4ne-Alpes region, organising a business event near Lyon and M\u00e2con, or taking part in a vineyard tour or wine tasting, we offer you the chance to hire our ch\u00e2teau in the Beaujolais region. You&#8217;ll find an elegant reception room, cosy bedrooms, listed grounds and a garden with an outdoor swimming pool and petanque area.<\/h3>\n<h3 style=\"text-align: center;\">Let yourself be seduced by the magic of Ch\u00e2teau Grange Cochard and treat yourself to an unforgettable stay in this little green corner.<\/h3>\n<\/div><\/div><style type=\"text\/css\">.fusion-body .fusion-builder-column-0{width:100% !important;margin-top : 0px;margin-bottom : 0%;}.fusion-builder-column-0 > .fusion-column-wrapper {padding-top : 0px !important;padding-right : 0px !important;margin-right : 0.98%;padding-bottom : 0px !important;padding-left : 0px !important;margin-left : 0.98%;}@media only screen and (max-width:1024px) {.fusion-body .fusion-builder-column-0{width:100% !important;order : 0;}.fusion-builder-column-0 > .fusion-column-wrapper {margin-right : 0.98%;margin-left : 0.98%;}}@media only screen and (max-width:640px) {.fusion-body .fusion-builder-column-0{width:100% !important;order : 0;}.fusion-builder-column-0 > .fusion-column-wrapper {margin-right : 0.98%;margin-left : 0.98%;}}<\/style><\/div><div class=\"fusion-layout-column fusion_builder_column fusion-builder-column-1 fusion_builder_column_1_3 1_3 fusion-flex-column\"><div class=\"fusion-column-wrapper fusion-flex-justify-content-flex-start fusion-content-layout-column\" style=\"background-position:left top;background-repeat:no-repeat;-webkit-background-size:cover;-moz-background-size:cover;-o-background-size:cover;background-size:cover;padding: 0px 0px 0px 0px;\"><div class=\"fusion-separator fusion-full-width-sep\" style=\"align-self: center;margin-left: auto;margin-right: auto;margin-top:15px;margin-bottom:15px;width:100%;\"><\/div><style type=\"text\/css\">@media only screen and (max-width:1024px) {.fusion-title.fusion-title-2{margin-top:0px!important; margin-right:0px!important;margin-bottom:31px!important;margin-left:0px!important;}}@media only screen and (max-width:640px) {.fusion-title.fusion-title-2{margin-top:0px!important; margin-right:0px!important;margin-bottom:20px!important; margin-left:0px!important;}}<\/style><div class=\"fusion-title title fusion-title-2 fusion-sep-none fusion-title-center fusion-title-text fusion-title-size-one\" style=\"margin-top:0px;margin-right:0px;margin-bottom:31px;margin-left:0px;\"><h1 class=\"title-heading-center fusion-responsive-typography-calculated\" style=\"margin:0;--fontSize:32;line-height:1.2;\"><h3 style=\"text-align: center;\"><strong>WEDDINGS<\/strong><\/h3><\/h1><\/div><div ><span class=\" fusion-imageframe imageframe-none imageframe-1 hover-type-none\" style=\"max-width:600px;\"><a class=\"fusion-no-lightbox\" href=\"https:\/\/lagrangecochard.com\/en\/wedding-beaujolais\/\" target=\"_self\" aria-label=\"HANNA + REMI\"><img width=\"1703\" height=\"2560\" src=\"https:\/\/lagrangecochard.com\/wp-content\/uploads\/2024\/05\/Chateau-Grange-Cochard\u00a9MARIONBRUNELPHOTOGRAPHIE-386-scaled.jpg\" data-orig-src=\"https:\/\/lagrangecochard.com\/wp-content\/uploads\/2024\/05\/Chateau-Grange-Cochard\u00a9MARIONBRUNELPHOTOGRAPHIE-386-scaled.jpg\" alt class=\"lazyload img-responsive wp-image-10865\" srcset=\"data:image\/svg+xml,%3Csvg%20xmlns%3D%27http%3A%2F%2Fwww.w3.org%2F2000%2Fsvg%27%20width%3D%271703%27%20height%3D%272560%27%20viewBox%3D%270%200%201703%202560%27%3E%3Crect%20width%3D%271703%27%20height%3D%272560%27%20fill-opacity%3D%220%22%2F%3E%3C%2Fsvg%3E\" data-srcset=\"https:\/\/lagrangecochard.com\/wp-content\/uploads\/2024\/05\/Chateau-Grange-Cochard\u00a9MARIONBRUNELPHOTOGRAPHIE-386-200x301.jpg 200w, https:\/\/lagrangecochard.com\/wp-content\/uploads\/2024\/05\/Chateau-Grange-Cochard\u00a9MARIONBRUNELPHOTOGRAPHIE-386-400x601.jpg 400w, https:\/\/lagrangecochard.com\/wp-content\/uploads\/2024\/05\/Chateau-Grange-Cochard\u00a9MARIONBRUNELPHOTOGRAPHIE-386-600x902.jpg 600w, https:\/\/lagrangecochard.com\/wp-content\/uploads\/2024\/05\/Chateau-Grange-Cochard\u00a9MARIONBRUNELPHOTOGRAPHIE-386-800x1202.jpg 800w, https:\/\/lagrangecochard.com\/wp-content\/uploads\/2024\/05\/Chateau-Grange-Cochard\u00a9MARIONBRUNELPHOTOGRAPHIE-386-1200x1804.jpg 1200w, https:\/\/lagrangecochard.com\/wp-content\/uploads\/2024\/05\/Chateau-Grange-Cochard\u00a9MARIONBRUNELPHOTOGRAPHIE-386-scaled.jpg 1703w\" data-sizes=\"auto\" data-orig-sizes=\"(max-width: 1024px) 100vw, (max-width: 640px) 100vw, 400px\" \/><\/a><\/span><\/div><\/div><style type=\"text\/css\">.fusion-body .fusion-builder-column-1{width:33.333333333333% !important;margin-top : 0px;margin-bottom : 0%;}.fusion-builder-column-1 > .fusion-column-wrapper {padding-top : 0px !important;padding-right : 0px !important;margin-right : 2.94%;padding-bottom : 0px !important;padding-left : 0px !important;margin-left : 2.94%;}@media only screen and (max-width:1024px) {.fusion-body .fusion-builder-column-1{width:100% !important;order : 0;}.fusion-builder-column-1 > .fusion-column-wrapper {margin-right : 0.98%;margin-left : 0.98%;}}@media only screen and (max-width:640px) {.fusion-body .fusion-builder-column-1{width:100% !important;order : 0;}.fusion-builder-column-1 > .fusion-column-wrapper {margin-right : 0.98%;margin-left : 0.98%;}}<\/style><\/div><div class=\"fusion-layout-column fusion_builder_column fusion-builder-column-2 fusion_builder_column_1_3 1_3 fusion-flex-column\"><div class=\"fusion-column-wrapper fusion-flex-justify-content-flex-start fusion-content-layout-column\" style=\"background-position:left top;background-repeat:no-repeat;-webkit-background-size:cover;-moz-background-size:cover;-o-background-size:cover;background-size:cover;padding: 0px 0px 0px 0px;\"><div class=\"fusion-separator fusion-full-width-sep\" style=\"align-self: center;margin-left: auto;margin-right: auto;margin-top:15px;margin-bottom:15px;width:100%;\"><\/div><style type=\"text\/css\">@media only screen and (max-width:1024px) {.fusion-title.fusion-title-3{margin-top:0px!important; margin-right:0px!important;margin-bottom:31px!important;margin-left:0px!important;}}@media only screen and (max-width:640px) {.fusion-title.fusion-title-3{margin-top:0px!important; margin-right:0px!important;margin-bottom:20px!important; margin-left:0px!important;}}<\/style><div class=\"fusion-title title fusion-title-3 fusion-sep-none fusion-title-center fusion-title-text fusion-title-size-one\" style=\"margin-top:0px;margin-right:0px;margin-bottom:31px;margin-left:0px;\"><h1 class=\"title-heading-center fusion-responsive-typography-calculated\" style=\"margin:0;--fontSize:32;line-height:1.2;\"><h3 class=\"fusion-responsive-typography-calculated\" style=\"text-align: center;\" data-fontsize=\"26\" data-lineheight=\"39px\"><strong>SEMINARS<\/strong><\/h3><\/h1><\/div><div ><span class=\" fusion-imageframe imageframe-none imageframe-2 hover-type-none\" style=\"max-width:600px;\"><a class=\"fusion-no-lightbox\" href=\"https:\/\/lagrangecochard.com\/en\/seminar-beaujolais\/\" target=\"_self\" aria-label=\"GC-2\"><img width=\"481\" height=\"722\" src=\"https:\/\/lagrangecochard.com\/wp-content\/uploads\/2024\/09\/GC-2.jpg\" data-orig-src=\"https:\/\/lagrangecochard.com\/wp-content\/uploads\/2024\/09\/GC-2.jpg\" alt class=\"lazyload img-responsive wp-image-11191\" srcset=\"data:image\/svg+xml,%3Csvg%20xmlns%3D%27http%3A%2F%2Fwww.w3.org%2F2000%2Fsvg%27%20width%3D%27481%27%20height%3D%27722%27%20viewBox%3D%270%200%20481%20722%27%3E%3Crect%20width%3D%27481%27%20height%3D%27722%27%20fill-opacity%3D%220%22%2F%3E%3C%2Fsvg%3E\" data-srcset=\"https:\/\/lagrangecochard.com\/wp-content\/uploads\/2024\/09\/GC-2-200x300.jpg 200w, https:\/\/lagrangecochard.com\/wp-content\/uploads\/2024\/09\/GC-2-400x600.jpg 400w, https:\/\/lagrangecochard.com\/wp-content\/uploads\/2024\/09\/GC-2.jpg 481w\" data-sizes=\"auto\" data-orig-sizes=\"(max-width: 1024px) 100vw, (max-width: 640px) 100vw, 400px\" \/><\/a><\/span><\/div><\/div><style type=\"text\/css\">.fusion-body .fusion-builder-column-2{width:33.333333333333% !important;margin-top : 0px;margin-bottom : 0%;}.fusion-builder-column-2 > .fusion-column-wrapper {padding-top : 0px !important;padding-right : 0px !important;margin-right : 2.94%;padding-bottom : 0px !important;padding-left : 0px !important;margin-left : 2.94%;}@media only screen and (max-width:1024px) {.fusion-body .fusion-builder-column-2{width:100% !important;order : 0;}.fusion-builder-column-2 > .fusion-column-wrapper {margin-right : 0.98%;margin-left : 0.98%;}}@media only screen and (max-width:640px) {.fusion-body .fusion-builder-column-2{width:100% !important;order : 0;}.fusion-builder-column-2 > .fusion-column-wrapper {margin-right : 0.98%;margin-left : 0.98%;}}<\/style><\/div><div class=\"fusion-layout-column fusion_builder_column fusion-builder-column-3 fusion_builder_column_1_3 1_3 fusion-flex-column\"><div class=\"fusion-column-wrapper fusion-flex-justify-content-flex-start fusion-content-layout-column\" style=\"background-position:left top;background-repeat:no-repeat;-webkit-background-size:cover;-moz-background-size:cover;-o-background-size:cover;background-size:cover;padding: 0px 0px 0px 0px;\"><div class=\"fusion-separator fusion-full-width-sep\" style=\"align-self: center;margin-left: auto;margin-right: auto;margin-top:15px;margin-bottom:15px;width:100%;\"><\/div><style type=\"text\/css\">@media only screen and (max-width:1024px) {.fusion-title.fusion-title-4{margin-top:0px!important; margin-right:0px!important;margin-bottom:31px!important;margin-left:0px!important;}}@media only screen and (max-width:640px) {.fusion-title.fusion-title-4{margin-top:0px!important; margin-right:0px!important;margin-bottom:20px!important; margin-left:0px!important;}}<\/style><div class=\"fusion-title title fusion-title-4 fusion-sep-none fusion-title-center fusion-title-text fusion-title-size-one\" style=\"margin-top:0px;margin-right:0px;margin-bottom:31px;margin-left:0px;\"><h1 class=\"title-heading-center fusion-responsive-typography-calculated\" style=\"margin:0;--fontSize:32;line-height:1.2;\"><h3 style=\"text-align: center;\"><strong>WINE TASTINGS<\/strong><\/h3><\/h1><\/div><div ><span class=\" fusion-imageframe imageframe-none imageframe-3 hover-type-none\" style=\"max-width:600px;\"><a class=\"fusion-no-lightbox\" href=\"https:\/\/lagrangecochard.com\/en\/wine-tasting-beaujolais\/\" target=\"_self\" aria-label=\"lesptitsoignons-photographe-culinaire-lyon-le-petit-ballon-grange-cochard-31\"><img width=\"854\" height=\"1280\" alt=\"D\u00e9gustation dans la cave \u00e0 vin du Ch\u00e2teau Grange Cochard\" src=\"data:image\/svg+xml,%3Csvg%20xmlns%3D%27http%3A%2F%2Fwww.w3.org%2F2000%2Fsvg%27%20width%3D%27854%27%20height%3D%271280%27%20viewBox%3D%270%200%20854%201280%27%3E%3Crect%20width%3D%27854%27%20height%3D%271280%27%20fill-opacity%3D%220%22%2F%3E%3C%2Fsvg%3E\" data-orig-src=\"https:\/\/lagrangecochard.com\/wp-content\/uploads\/2022\/11\/lesptitsoignons-photographe-culinaire-lyon-le-petit-ballon-grange-cochard-31-scaled.jpg\" class=\"lazyload img-responsive wp-image-8493\"\/><\/a><\/span><\/div><\/div><style type=\"text\/css\">.fusion-body .fusion-builder-column-3{width:33.333333333333% !important;margin-top : 0px;margin-bottom : 0%;}.fusion-builder-column-3 > .fusion-column-wrapper {padding-top : 0px !important;padding-right : 0px !important;margin-right : 2.94%;padding-bottom : 0px !important;padding-left : 0px !important;margin-left : 2.94%;}@media only screen and (max-width:1024px) {.fusion-body .fusion-builder-column-3{width:100% !important;order : 0;}.fusion-builder-column-3 > .fusion-column-wrapper {margin-right : 0.98%;margin-left : 0.98%;}}@media only screen and (max-width:640px) {.fusion-body .fusion-builder-column-3{width:100% !important;order : 0;}.fusion-builder-column-3 > .fusion-column-wrapper {margin-right : 0.98%;margin-left : 0.98%;}}<\/style><\/div><div class=\"fusion-layout-column fusion_builder_column fusion-builder-column-4 fusion_builder_column_1_1 1_1 fusion-flex-column\"><div class=\"fusion-column-wrapper fusion-flex-justify-content-flex-start fusion-content-layout-column\" style=\"background-position:left top;background-repeat:no-repeat;-webkit-background-size:cover;-moz-background-size:cover;-o-background-size:cover;background-size:cover;padding: 0px 0px 0px 0px;\"><div class=\"fusion-separator fusion-full-width-sep\" style=\"align-self: center;margin-left: auto;margin-right: auto;margin-top:40px;margin-bottom:40px;width:100%;\"><\/div><\/div><style type=\"text\/css\">.fusion-body .fusion-builder-column-4{width:100% !important;margin-top : 0px;margin-bottom : 0%;}.fusion-builder-column-4 > .fusion-column-wrapper {padding-top : 0px !important;padding-right : 0px !important;margin-right : 0.98%;padding-bottom : 0px !important;padding-left : 0px !important;margin-left : 0.98%;}@media only screen and (max-width:1024px) {.fusion-body .fusion-builder-column-4{width:100% !important;order : 0;}.fusion-builder-column-4 > .fusion-column-wrapper {margin-right : 0.98%;margin-left : 0.98%;}}@media only screen and (max-width:640px) {.fusion-body .fusion-builder-column-4{width:100% !important;order : 0;}.fusion-builder-column-4 > .fusion-column-wrapper {margin-right : 0.98%;margin-left : 0.98%;}}<\/style><\/div><\/div><style type=\"text\/css\">.fusion-body .fusion-flex-container.fusion-builder-row-1{ padding-top : 0px;margin-top : 0px;padding-right : 0px;padding-bottom : 0px;margin-bottom : 0px;padding-left : 0px;}<\/style><\/div>\n","protected":false},"excerpt":{"rendered":"","protected":false},"author":3,"featured_media":0,"parent":0,"menu_order":0,"comment_status":"closed","ping_status":"closed","template":"","meta":{"om_disable_all_campaigns":false,"_monsterinsights_skip_tracking":false,"_monsterinsights_sitenote_active":false,"_monsterinsights_sitenote_note":"","_monsterinsights_sitenote_category":0},"_links":{"self":[{"href":"https:\/\/lagrangecochard.com\/en\/wp-json\/wp\/v2\/pages\/5060"}],"collection":[{"href":"https:\/\/lagrangecochard.com\/en\/wp-json\/wp\/v2\/pages"}],"about":[{"href":"https:\/\/lagrangecochard.com\/en\/wp-json\/wp\/v2\/types\/page"}],"author":[{"embeddable":true,"href":"https:\/\/lagrangecochard.com\/en\/wp-json\/wp\/v2\/users\/3"}],"replies":[{"embeddable":true,"href":"https:\/\/lagrangecochard.com\/en\/wp-json\/wp\/v2\/comments?post=5060"}],"version-history":[{"count":190,"href":"https:\/\/lagrangecochard.com\/en\/wp-json\/wp\/v2\/pages\/5060\/revisions"}],"predecessor-version":[{"id":11495,"href":"https:\/\/lagrangecochard.com\/en\/wp-json\/wp\/v2\/pages\/5060\/revisions\/11495"}],"wp:attachment":[{"href":"https:\/\/lagrangecochard.com\/en\/wp-json\/wp\/v2\/media?parent=5060"}],"curies":[{"name":"wp","href":"https:\/\/api.w.org\/{rel}","templated":true}]}}